{"id":685,"date":"2020-09-10T02:07:46","date_gmt":"2020-09-10T02:07:46","guid":{"rendered":"http:\/\/www.atlanticwave-sdx.net\/?page_id=685"},"modified":"2022-05-05T17:20:55","modified_gmt":"2022-05-05T17:20:55","slug":"meet-the-team-3","status":"publish","type":"page","link":"https:\/\/www.atlanticwave-sdx.net\/?page_id=685","title":{"rendered":"Collaborators"},"content":{"rendered":"<p>[vc_row wrap_container=&#8221;yes&#8221; css=&#8221;.vc_custom_1600112651763{padding-top: 10px !important;padding-bottom: 10px !important;}&#8221;][vc_column][vc_column_text]In addition to the support from NSF, the AtlanticWave-SDX project significantly depends on the support and collaboration of organizations and projects that contribute resources and effort. AtlanticWave-SDX leverages resources and expertise from the following organizations and projects in order for the proposal to be realizable.[\/vc_column_text][vc_separator][vc_column_text css_animation=&#8221;appear&#8221;]<a href=\"https:\/\/www.fiu.edu\/\" target=\"_blank\" rel=\"noopener noreferrer\"><img class=\"alignleft wp-image-686 size-medium\" src=\"http:\/\/www.atlanticwave-sdx.net\/wp-content\/uploads\/2020\/09\/fiu_logo_698x400-558x320.jpg\" alt=\"FIU\" width=\"200\" height=\"320\" \/><\/a><em><strong>Florida International University (FIU)<\/strong><\/em>: Florida International University is one of Florida\u2019s State University System institutions and the premier public research university in the South Florida metropolitan area, the country\u2019s fourth largest. The university is located in Miami-Dade County with campuses in West and North Miami. The university with its large and diverse student body is the largest minority-serving institution in the nation and is ranked first in awarding STEM degrees to underrepresented minorities. Designated as a top-tier research institution, FIU emphasizes research as a major component in the university&#8217;s mission.[\/vc_column_text][vc_separator][vc_column_text css_animation=&#8221;appear&#8221;]<a href=\"https:\/\/www.gatech.edu\/\" target=\"_blank\" rel=\"noopener noreferrer\"><img class=\"alignleft wp-image-689\" src=\"https:\/\/www.atlanticwave-sdx.net\/wp-content\/uploads\/2020\/09\/GeorgiaTechLogo-01.png\" alt=\"GeorgiaTech\" width=\"200\" height=\"90\" \/><\/a><strong><em>Georgia Institute of Technology (GT)<\/em><\/strong>: Located in Atlanta, Georgia, the Georgia Institute of Technology is a leading research university committed to improving the human condition through advanced science and technology. As a leading technological university, Georgia Tech has more than 100 centers focused on interdisciplinary research that consistently contribute vital research and innovation to the American government, industry, and business.[\/vc_column_text][vc_separator][vc_column_text css_animation=&#8221;appear&#8221;]<a href=\"https:\/\/renci.org\/\" target=\"_blank\" rel=\"noopener noreferrer\"><img class=\"alignleft wp-image-643\" src=\"http:\/\/www.atlanticwave-sdx.net\/wp-content\/uploads\/2016\/04\/renci-logo-1-610x320.jpg\" alt=\"RENCI\" width=\"200\" height=\"320\" \/><\/a><strong><em>Renaissance Computing Institute (RENCI)<\/em><\/strong>, the University of North Carolina at Chapel Hill, strives to be a leader in data science and an essential catalyst for data-driven discoveries leading to better health, a safer environment, and improved economic and business successes.<\/p>\n<p>[\/vc_column_text][vc_separator][vc_column_text css_animation=&#8221;appear&#8221;]<strong><em><a href=\"https:\/\/isi.edu\/\" target=\"_blank\" rel=\"noopener noreferrer\"><img class=\"alignleft wp-image-692\" src=\"http:\/\/www.atlanticwave-sdx.net\/wp-content\/uploads\/2020\/09\/USC_logo-640x267.png\" alt=\"USC\" width=\"200\" height=\"267\" \/><\/a>Information Sciences Institute (ISI)<\/em><\/strong>, the University of Southern California at Marina del Rey, With roots in early Internet infrastructure research and development, ISI&#8217;s\u00a0Networking and Cybersecurity Division\u00a0carries out a broad program of research spanning the areas of networking scientific investigations, Internet operations, and governance, cybersecurity research topics, and a variety of infrastructure projects for experimentation and collaboration.[\/vc_column_text][vc_separator][vc_column_text css_animation=&#8221;appear&#8221;]<strong><em><a href=\"http:\/\/www.ansp.br\/index.php\/us\/\" target=\"_blank\" rel=\"noopener noreferrer\"><img class=\"alignleft wp-image-90\" src=\"http:\/\/www.atlanticwave-sdx.net\/wp-content\/uploads\/2016\/04\/ANSP.jpg\" alt=\"ANSP\" width=\"200\" height=\"280\" \/><\/a>Academic Network of Sao Paulo (ANSP)<\/em><\/strong><em>: <\/em>ANSP provides connectivity to the top R&amp;E institutions, facilities and researchers in the State of Sao Paulo.<\/p>\n<p>&nbsp;<\/p>\n<p>[\/vc_column_text][vc_separator][vc_column_text css_animation=&#8221;appear&#8221;]<strong><em><a href=\"https:\/\/www.aura-astronomy.org\/\"><img class=\"alignleft size-full wp-image-91\" src=\"http:\/\/www.atlanticwave-sdx.net\/wp-content\/uploads\/2016\/04\/AURA_.jpg\" alt=\"AURA_\" width=\"200\" height=\"\" \/><\/a>Association of Universities for Research in Astronomy (AURA): <\/em><\/strong>AURA is a consortium of 39 U.S. institutions and 6 international affiliates that operates world-class astronomical observatories. AURA is responsible for the successful management and operation of its three centers: NSF\u2019s National Optical-Infrared Astronomy Research Laboratory; the National Solar Observatory (NSO); and the Space Telescope Science Institute (STScI). AURA operates observatories in Chile and participates in AtlanticWave-SDX.<\/p>\n<p>[\/vc_column_text][vc_separator][vc_column_text css_animation=&#8221;appear&#8221;]<strong><em><a href=\"http:\/\/www.redclara.net\/\" target=\"_blank\" rel=\"noopener noreferrer\"><img class=\"alignleft wp-image-694\" src=\"http:\/\/www.atlanticwave-sdx.net\/wp-content\/uploads\/2020\/09\/RedCLARA_2018-640x255.jpg\" alt=\"RedCLARA_2018\" width=\"200\" height=\"255\" \/><\/a>RedCLARA<\/em><\/strong>, the Latin American Cooperation of Advanced Networks (Cooperaci\u00f3n Latino Americana de Redes Avanzadas), is a non-profit organization whose members are the NRENs of Latin America, and which is in charge of the management, development and operation of RedCLARA as well as the coordination of Latin America\u2019s research networking activities. RedCLARA directly connects to AmLight links in Sao Paulo, Miami and Tijuana. Latin American NRENs connected to redCLARA:<\/p>\n<p>Argentina: Innova-Red | Brasil: RNP | Chile: REUNA | Colombia: RENATA | Costa Rica: RedCONARE | Ecuador: CEDIA | El Salvador: RAICES | Guatemala: RAGIE | M\u00e9xico: CUDI | Panam\u00e1: RedCYT | Per\u00fa: RAAP | Uruguay: RAU | Venezuela: REACCIUN[\/vc_column_text][vc_separator][vc_column_text css_animation=&#8221;appear&#8221;]<a href=\"http:\/\/amlight.net\/wp-content\/uploads\/2014\/12\/rnp1.jpg\" target=\"_blank\" rel=\"noopener noreferrer\"><img class=\"alignleft wp-image-379\" src=\"http:\/\/www.atlanticwave-sdx.net\/wp-content\/uploads\/2016\/10\/RNP-LOGO-604x320.jpg\" alt=\"RNP\" width=\"200\" height=\"320\" \/><\/a><strong><em>The Brazilian Education and Research Network (RNP)<\/em><\/strong>, qualified as a Social Organization (OS) by the Brazilian government, is supervised by the Ministry of Science, Technology and Innovations (MCTI), and is maintained through the Inter-Ministry RNP program, which also includes the Ministries of Education (MEC), Health (MS),\u00a0 Citizenship and Defense (MD). The first Internet provider in Brazil with national coverage, RNP operates a high-performance nationwide network, with points of presence in all 26 states and the national capital, providing service to over 1200 distinct locations. RNP\u2019s more than four million users are making use of an advanced network infrastructure for communication, computation and experimentation, which contributes to the integration of the national systems of Science, Technology and Innovation, Higher Education, Health and Culture.[\/vc_column_text][vc_separator][vc_column_text css_animation=&#8221;appear&#8221;]<strong><em><a href=\"http:\/\/www.reuna.cl\/\" target=\"_blank\" rel=\"noopener noreferrer\"><img class=\"alignleft wp-image-696\" src=\"http:\/\/www.atlanticwave-sdx.net\/wp-content\/uploads\/2020\/09\/REUNA_new_logo-640x224.jpg\" alt=\"REUNA\" width=\"200\" height=\"224\" \/><\/a>Red Universitaria Nacional (REUNA, Chile):<\/em><\/strong> REUNA was the first Latin-American NREN to be connected to Internet2 in 2000. \u00a0REUNA provides R&amp;E network services to all its members, including AURA.\u00a0 REUNA directly connects to AmLight to provide network services to the U.S. astronomy community (AURA) from Santiago to La Serrena in northern Chile.[\/vc_column_text][vc_separator][vc_column_text css_animation=&#8221;appear&#8221;]<a href=\"https:\/\/www.tenet.ac.za\/\" target=\"_blank\" rel=\"noopener noreferrer\"><img class=\"alignleft wp-image-716\" src=\"http:\/\/www.atlanticwave-sdx.net\/wp-content\/uploads\/2020\/09\/tenet-sanren-300x300.png\" alt=\"tenet-sanren-300x300\" width=\"157\" height=\"157\" \/><\/a><strong><em>TENET\/SANReN<\/em><\/strong>: The Tertiary Education and Research Network of South Africa (TENET), and South African National Research Network (SANReN) jointly form the South Africa&#8217;s NREN. The TENET is South Africa\u2019s national research and education network organization . SANReN is a business unit inside the South African CSIR\u2019s Meraka Institute and is responsible for the design, acquisition and roll-out of national and international capacity for the South Africa NREN, as well as the development and incubation of advanced services. TENET operates the SANReN, which is a key component of the South African government&#8217;s National Integrated Cyberinfrastructure System (NICIS), alongside the Centre for High Performance Computing (CHPC)\u00a0 and the Data Intensive Research Initiative of South Africa (DIRISA).<\/p>\n<p>[\/vc_column_text][vc_separator][vc_column_text css_animation=&#8221;appear&#8221;]<a href=\"https:\/\/ubuntunet.net\/\" target=\"_blank\" rel=\"noopener noreferrer\"><img class=\"alignleft wp-image-717\" src=\"http:\/\/www.atlanticwave-sdx.net\/wp-content\/uploads\/2020\/09\/Ubuntunet.png\" alt=\"Ubuntunet\" width=\"200\" height=\"84\" \/><\/a><strong><em>UbuntuNet Alliance<\/em><\/strong>: UbuntuNet Alliance is a regional research and education network in eastern and southern Africa, that works with its member NRENs, and coordinates and collaborates with peer regional R&amp;E networks, such as GEANT and RedCLARA. The UbuntuNet Alliance seeks to extend the capacity and resilience of its broadband research and education backbone network with high-speed connections to NRENs worldwide and the Internet.[\/vc_column_text][vc_separator][vc_column_text css_animation=&#8221;appear&#8221;]<a href=\"https:\/\/www.wacren.net\/\" target=\"_blank\" rel=\"noopener noreferrer\"><img class=\"alignleft wp-image-720\" src=\"http:\/\/www.atlanticwave-sdx.net\/wp-content\/uploads\/2020\/09\/WACREN-320x320.jpg\" alt=\"WACREN\" width=\"180\" height=\"180\" \/><\/a><strong><em>WACREN<\/em><\/strong>: West and Central African Research and Education Network (WACREN) is a regional research and education network serving the west and central region of Africa. The WACREN&#8217;s mission is to build and operate a world-class network infrastructure, develop state of the art services, promote collaboration among national, regional, international research and education communities and build the capacity of the REN community.<\/p>\n<p>&nbsp;<\/p>\n<p>[\/vc_column_text][vc_separator][vc_column_text css_animation=&#8221;appear&#8221;]<strong><em><a href=\"https:\/\/www.flrnet.org\/\" target=\"_blank\" rel=\"noopener noreferrer\"><img class=\"alignleft wp-image-856\" src=\"https:\/\/www.atlanticwave-sdx.net\/wp-content\/uploads\/2020\/09\/FLR_colorLogo.jpg\" alt=\"\" width=\"200\" height=\"117\" \/><\/a>Florida LambdaRail (FLR): <\/em><\/strong>FLR is Florida\u2019s independent statewide research and education fiber-optic network.\u00a0 FLR is owned and operated on behalf of its partner institutions and affiliates and is dedicated to producing knowledge and prosperity within the state of Florida through education and research activities that drive our members\u2019 21st century economy initiatives.<\/p>\n<p>&nbsp;<\/p>\n<p>[\/vc_column_text][vc_separator][vc_column_text css_animation=&#8221;appear&#8221;]<strong><em><a href=\"http:\/\/www.internet2.edu\/\" target=\"_blank\" rel=\"noopener noreferrer\"><img class=\"alignleft wp-image-96\" src=\"http:\/\/www.atlanticwave-sdx.net\/wp-content\/uploads\/2016\/04\/Internet2_.jpg\" alt=\"Internet2\" width=\"200\" height=\"280\" \/><\/a>Internet2<\/em><\/strong>: Internet2 is a consortium of leading US research universities working in partnership with industry and government to develop and deploy advanced network applications and technologies. Internet2 is the representative for MAN LAN, participating in the AtlanticWave project.<\/p>\n<p>[\/vc_column_text][vc_separator][vc_column_text css_animation=&#8221;appear&#8221;]<a href=\"https:\/\/opensciencegrid.org\/\" target=\"_blank\" rel=\"noopener noreferrer\"><img class=\"alignleft wp-image-843\" src=\"https:\/\/www.atlanticwave-sdx.net\/wp-content\/uploads\/2020\/09\/OSG_logo.jpg\" alt=\"\" width=\"200\" height=\"114\" \/><\/a><strong><em>The Open Science Grid (OSG)<\/em><\/strong>: The OSG facilitates access to distributed high throughput computing for research in the US. The resources accessible through the OSG are contributed by the community, organized by the OSG, and governed by the OSG consortium.<\/p>\n<p>[\/vc_column_text][vc_separator][vc_column_text css_animation=&#8221;appear&#8221;]<strong><em><a href=\"https:\/\/pegasus.isi.edu\/about\/\" target=\"_blank\" rel=\"noopener noreferrer\"><img class=\"alignleft wp-image-844\" src=\"https:\/\/www.atlanticwave-sdx.net\/wp-content\/uploads\/2020\/09\/project-pegasus.png\" alt=\"\" width=\"180\" height=\"180\" \/><\/a>The Pegasus project<\/em><\/strong>: The Pegasus project encompasses a set of technologies that help workflow-based applications execute in a number of different environments including desktops, campus clusters, grids, and clouds. Pegasus bridges the scientific domain and the execution environment by automatically mapping high-level workflow descriptions onto distributed resources. It automatically locates the necessary input data and computational resources necessary for workflow execution. Pegasus enables scientists to construct workflows in abstract terms without worrying about the details of the underlying execution environment or the particulars of the low-level specifications required by the middleware (Condor, Globus, or Amazon EC2). Pegasus also bridges the current cyberinfrastructure by effectively coordinating multiple distributed resources.[\/vc_column_text][vc_separator][vc_column_text css_animation=&#8221;appear&#8221;]<strong><em><a href=\"https:\/\/www.lsst.org\/about\" target=\"_blank\" rel=\"noopener noreferrer\"><img class=\"alignleft wp-image-650\" src=\"https:\/\/www.atlanticwave-sdx.net\/wp-content\/uploads\/2016\/04\/Vera_Rubin_Logo.png\" alt=\"\" width=\"200\" height=\"107\" \/><\/a>Vera Rubin Observatory<\/em><\/strong>: The goal of the Vera C. Rubin Observatory project is to conduct the 10-year Legacy Survey of Space and Time (LSST). LSST will deliver a 500 petabyte set of images and data products that will address some of the most pressing questions about the structure and evolution of the universe and the objects in it. The Rubin Observatory LSST is designed to address four science areas: understanding dark matter and dark energy, hazardous asteroids and the remote Solar System, the transient optical sky, and the formation and structure of the Milky Way.[\/vc_column_text][vc_separator][vc_column_text css_animation=&#8221;appear&#8221;]<strong><em><a href=\"https:\/\/noviflow.com\/\" target=\"_blank\" rel=\"noopener noreferrer\"><img class=\"alignleft wp-image-847\" src=\"https:\/\/www.atlanticwave-sdx.net\/wp-content\/uploads\/2020\/09\/NoviFlow.png\" alt=\"\" width=\"180\" height=\"180\" \/><\/a>NoviFlow<\/em><\/strong>: NoviFlow is a networking software company specializing in scaling cybersecurity.NoviFlow has invested relentlessly in developing engineering and programming expertise in programmable forwarding planes, and as a consequence has become one of the world\u2019s leading vendors of High-Performance SDN Network Operating Software (NOS), Cybersecurity Load Balancing and Programmable Network Solutions to network operators, data center operators, enterprises and government agencies seeking greater network performance, flexibility, cost-efficiency, and security.<\/p>\n<p>[\/vc_column_text][vc_separator][vc_column_text css_animation=&#8221;appear&#8221;]<strong><em><a href=\"https:\/\/www.angolacables.co.ao\/en\/\" target=\"_blank\" rel=\"noopener noreferrer\"><img class=\"alignleft wp-image-849\" src=\"https:\/\/www.atlanticwave-sdx.net\/wp-content\/uploads\/2020\/09\/Angola_logo.png\" alt=\"\" width=\"200\" height=\"69\" \/><\/a>Angola Cables<\/em><\/strong>: Angola Cables is an IT Solutions multinational focused on selling data infrastructure solutions, connectivity and cloud services for IP\u2019s and ISP\u2019s requiring digital connections and services in the corporate sector. The company currently operates the SACS, Monet and WACS cable systems and manages two data centers &#8211; AngoNAP Fortaleza in Brazil and AngoNAP Luanda in Angola. It also manages Angonix, one of Africa\u2019s top five Internet Exchange Points. With its robust network, Angola Cables directly connects Africa, Europe and the Americas with established partnerships to connect to Asia.[\/vc_column_text][vc_separator][vc_column_text css_animation=&#8221;appear&#8221;]<strong><em><a href=\"https:\/\/www.crowncastle.com\/\" target=\"_blank\" rel=\"noopener noreferrer\"><img class=\"alignleft wp-image-850\" src=\"https:\/\/www.atlanticwave-sdx.net\/wp-content\/uploads\/2020\/09\/440px-Crown_Castle_Logo.svg_.png\" alt=\"\" width=\"200\" height=\"54\" \/><\/a>Crown Castle<\/em><\/strong>: Crown Castle is a real estate investment trust and the largest provider of shared communications infrastructure in the United States, with more than 40,000 cell towers and approximately 80,000 route miles of fiber supporting small cells and fiber solutions.[\/vc_column_text][vc_separator][vc_column_text css_animation=&#8221;appear&#8221;]<strong><em><a href=\"https:\/\/sprace.org.br\/\" target=\"_blank\" rel=\"noopener noreferrer\"><img class=\"alignleft wp-image-852\" src=\"https:\/\/www.atlanticwave-sdx.net\/wp-content\/uploads\/2020\/09\/unesp-1.jpg\" alt=\"\" width=\"180\" height=\"194\" \/><\/a>S\u00e3o Paulo Research and Analysis Center (SPRACE) at S\u00e3o Paulo State University\u00a0 (UNESP)<\/em><\/strong>: SPRACE develops fundamental and applied research in areas such as high energy physics (HEP), scientific instrumentation, high performance computing (HPC) and digital innovation. Implemented in 2003 with support from the S\u00e3o Paulo Research Foundation (FAPESP), SPRACE enables the participation of HEP researchers from the State of S\u00e3o Paulo in the Compact Muon Solenoid (CMS) collaboration of the Large Hadron Collider (LHC), the particle accelerator of the European Organization for Nuclear Research (CERN).<\/p>\n<p>[\/vc_column_text][vc_separator][vc_column_text css_animation=&#8221;appear&#8221;]<strong><em><a href=\"http:\/\/www.southernlightrail.org\/\" target=\"_blank\" rel=\"noopener noreferrer\"><img class=\"alignleft wp-image-854\" src=\"https:\/\/www.atlanticwave-sdx.net\/wp-content\/uploads\/2020\/09\/SLRlogo.png\" alt=\"\" width=\"200\" height=\"60\" \/><\/a>Southern Light Rail (SLR)<\/em><\/strong>: SLR is a Georgia Tech non-profit corporation providing National Lambda Rail (NLR) access to the Georgia Research Alliance universities, other universities in the Southern region of the United States and governmental and private sector organizations involved in university research initiatives. SLR will reach out to facilitate dark fiber connectivity to the Southern universities and research centers. This will help enable more collaborative research activities between and within universities. SLR is working in partnership with Southern Crossroads (SoX) to provide services to the research community. SLR also manages and operates the Georgia Collaborative Research Initiative and Georgia Tech&#8217;s International Connections.<\/p>\n<p>[\/vc_column_text][vc_separator][\/vc_column][\/vc_row]<\/p>\n","protected":false},"excerpt":{"rendered":"<p>[vc_row wrap_container=&#8221;yes&#8221; css=&#8221;.vc_custom_1600112651763{padding-top: 10px !important;padding-bottom: 10px !important;}&#8221;][vc_column][vc_column_text]In addition to the support from NSF, the AtlanticWave-SDX project significantly depends on the support and collaboration of organizations and projects that contribute resources and effort. AtlanticWave-SDX leverages resources and expertise from the following organizations and projects in order for the proposal to be realizable.[\/vc_column_text][vc_separator][vc_column_text css_animation=&#8221;appear&#8221;]Florida International University (FIU): [&hellip;]<\/p>\n","protected":false},"author":1,"featured_media":0,"parent":0,"menu_order":0,"comment_status":"closed","ping_status":"open","template":"","meta":[],"_links":{"self":[{"href":"https:\/\/www.atlanticwave-sdx.net\/index.php?rest_route=\/wp\/v2\/pages\/685"}],"collection":[{"href":"https:\/\/www.atlanticwave-sdx.net\/index.php?rest_route=\/wp\/v2\/pages"}],"about":[{"href":"https:\/\/www.atlanticwave-sdx.net\/index.php?rest_route=\/wp\/v2\/types\/page"}],"author":[{"embeddable":true,"href":"https:\/\/www.atlanticwave-sdx.net\/index.php?rest_route=\/wp\/v2\/users\/1"}],"replies":[{"embeddable":true,"href":"https:\/\/www.atlanticwave-sdx.net\/index.php?rest_route=%2Fwp%2Fv2%2Fcomments&post=685"}],"version-history":[{"count":25,"href":"https:\/\/www.atlanticwave-sdx.net\/index.php?rest_route=\/wp\/v2\/pages\/685\/revisions"}],"predecessor-version":[{"id":1060,"href":"https:\/\/www.atlanticwave-sdx.net\/index.php?rest_route=\/wp\/v2\/pages\/685\/revisions\/1060"}],"wp:attachment":[{"href":"https:\/\/www.atlanticwave-sdx.net\/index.php?rest_route=%2Fwp%2Fv2%2Fmedia&parent=685"}],"curies":[{"name":"wp","href":"https:\/\/api.w.org\/{rel}","templated":true}]}}